{"id":2116,"date":"2022-04-13T11:28:13","date_gmt":"2022-04-13T09:28:13","guid":{"rendered":"https:\/\/www.tectum-verlag.de\/subject-area-political-science\/"},"modified":"2026-01-27T09:57:47","modified_gmt":"2026-01-27T08:57:47","slug":"subject-area-political-science","status":"publish","type":"page","link":"https:\/\/www.tectum-verlag.de\/en\/subject-area-political-science\/","title":{"rendered":"Political Science"},"content":{"rendered":"\n<section class=\"content-stage big-stage bottom-type-1 image-type-1 \">\n    <div class=\"text-item\">\n        \n                    <h3 class=\"headline-2 text-typing\"\n                data-text=\"Political Science\">\n                            <\/h3>\n        \n                    <div class=\"wysiwyg\">\n                <p>The political science programme of Tectum Verlag publishes outstanding dissertations, edited volumes and theses from all sub-disciplines of political science &#8211; from political theory and government to international relations and European politics. Our academic publication series vouch for quality and innovative topics in political science and enable young scholars to publish quickly.<\/p>\n\n            <\/div>\n        \n        \n            <\/div>\n\n            <div class=\"image-item\">\n            \n            <div class=\"js-scroll-animations scroll-animations__image-wrapper \" data-scroll-animation-type=\"zoomImage\">\n                                    <picture class=\"content-block__image\">\n                                    \n                                                                                        \n                                                                    \n                                    <source\n                            type=\"image\/webp\"\n                            srcset=\"                                                                                                                                https:\/\/www.tectum-verlag.de\/wp-content\/uploads\/sites\/3\/2022\/05\/My-project-Kopie-8-1056x0-c-default.webp 1056w\n                                                                                                                \"\n                            sizes=\"1056px\"\n                    >\n                                            \n                                                                                        \n                                                                    \n                                    <img decoding=\"async\"\n                                                    loading=\"lazy\"\n                                                decode=\"async\"\n                        src=\"https:\/\/www.tectum-verlag.de\/wp-content\/uploads\/sites\/3\/2022\/05\/My-project-Kopie-8-50x0-c-default.jpg\"\n                        srcset=\"                                                                                                                                https:\/\/www.tectum-verlag.de\/wp-content\/uploads\/sites\/3\/2022\/05\/My-project-Kopie-8-1056x0-c-default.jpg 1056w\n                                                                                                                \"\n                        sizes=\"auto, 1056px\"\n                        alt=\"\"\n                        \n                        width=\"1056\"\n                        height=\"\"\n                    >\n                                        <\/picture>\n\n            <\/div>\n\n            <div class=\"tablet-image\">\n                    <picture >\n                                    \n                                                                                        \n                                                                    \n                                    <source\n                            type=\"image\/webp\"\n                            srcset=\"                                                                                                                                https:\/\/www.tectum-verlag.de\/wp-content\/uploads\/sites\/3\/2022\/05\/My-project-Kopie-8-412x0-c-default.webp 412w\n                                                                            ,                                                                                                                                https:\/\/www.tectum-verlag.de\/wp-content\/uploads\/sites\/3\/2022\/05\/My-project-Kopie-8-528x0-c-default.webp 528w\n                                                                            ,                                                                                                                                https:\/\/www.tectum-verlag.de\/wp-content\/uploads\/sites\/3\/2022\/05\/My-project-Kopie-8-980x0-c-default.webp 980w\n                                                                                                                \"\n                            sizes=\"(-webkit-min-device-pixel-ratio: 2) 50vw,\n                            (min-resolution: 192dpi) 50vw,\n                            (min-resolution: 2dppx) 50vw,\n                            (-webkit-min-device-pixel-ratio: 3) 33.33vw,\n                            (min-resolution: 288dpi) 33.33vw,\n                            (min-resolution: 3dppx) 33.33vw\"\n                    >\n                                            \n                                                                                        \n                                                                    \n                                    <img decoding=\"async\"\n                                                    loading=\"lazy\"\n                                                decode=\"async\"\n                        src=\"https:\/\/www.tectum-verlag.de\/wp-content\/uploads\/sites\/3\/2022\/05\/My-project-Kopie-8-50x0-c-default.jpg\"\n                        srcset=\"                                                                                                                                https:\/\/www.tectum-verlag.de\/wp-content\/uploads\/sites\/3\/2022\/05\/My-project-Kopie-8-412x0-c-default.jpg 412w\n                                                                            ,                                                                                                                                https:\/\/www.tectum-verlag.de\/wp-content\/uploads\/sites\/3\/2022\/05\/My-project-Kopie-8-528x0-c-default.jpg 528w\n                                                                            ,                                                                                                                                https:\/\/www.tectum-verlag.de\/wp-content\/uploads\/sites\/3\/2022\/05\/My-project-Kopie-8-980x0-c-default.jpg 980w\n                                                                                                                \"\n                        sizes=\"auto, (-webkit-min-device-pixel-ratio: 2) 50vw,\n                            (min-resolution: 192dpi) 50vw,\n                            (min-resolution: 2dppx) 50vw,\n                            (-webkit-min-device-pixel-ratio: 3) 33.33vw,\n                            (min-resolution: 288dpi) 33.33vw,\n                            (min-resolution: 3dppx) 33.33vw\"\n                        alt=\"\"\n                        \n                        width=\"412\"\n                        height=\"\"\n                    >\n                                        <\/picture>\n\n            <\/div>\n\n                    <\/div>\n    <\/section>\n\n\n<section class=\"content-plain-text no-margin \">\n    <div class=\"inner\">\n        <h3>Publication Series<\/h3>\n\n    <\/div>\n<\/section>\n\n\n<section class=\"content-faq\">\n    <div class=\"content-faq-item-list\">\n                    <article>\n                <div class=\"content-faq-item\">\n                    <h2 class=\"headline-5 js-accordion-headline\">\n                        Die Brost-Bibliothek. Impulse aus dem Ruhrgebiet\n                    <\/h2>\n\n                    <div class=\"text wysiwyg\">\n                        <p><strong>Edited by Prof. Bodo Hombach in his function as President of the Brost-Akademie<\/strong><br \/>\n&nbsp;<br \/>\nThe Brost Academy aims to be a source of impulses for the Ruhr region and beyond. In its projects, events and publications, it brings together people who set new trends with innovative ideas and creative solutions and develop an impact beyond the region. The Brost-Bibliothek makes the best of these available to a broad public.<br \/>\n&nbsp;<br \/>\nThe series features renowned academics, journalists and publicists whose contributions are dedicated to current social, political and cultural issues that are particularly relevant to the Ruhr region but are also discussed nationally and internationally. In doing so, the authors trace the underlying challenges and develop solution-oriented recommendations for action, for the Ruhr region and beyond.<br \/>\n&nbsp;<br \/>\n<a href=\"https:\/\/www.nomos-shop.de\/en\/series\/series\/view\/id\/B001090800\" target=\"_blank\">Learn more<\/a><\/p>\n\n                    <\/div>\n                <\/div>\n            <\/article>\n                    <article>\n                <div class=\"content-faq-item\">\n                    <h2 class=\"headline-5 js-accordion-headline\">\n                        East Asian Politics: Regional and Global Dynamics\n                    <\/h2>\n\n                    <div class=\"text wysiwyg\">\n                        <p><strong>Edited by Prof. Dr Dr Nele Noesselt<\/strong><br \/>\n&nbsp;<br \/>\nThe book series publishes cutting-edge research on dynamic changes in and recent development trends of East Asian politics. The series follows a multilevel framework of analysis: It examines the impact of global power shifts and the transformation of the international system on (domestic) politics in East Asia.<br \/>\n&nbsp;<br \/>\n<a href=\"https:\/\/www.nomos-shop.de\/en\/series\/series\/view\/id\/B001091500\" target=\"_blank\">Learn more<\/a><\/p>\n\n                    <\/div>\n                <\/div>\n            <\/article>\n                    <article>\n                <div class=\"content-faq-item\">\n                    <h2 class=\"headline-5 js-accordion-headline\">\n                        Politik begreifen: Schriften zu theoretischen und empirischen Problemen der Politikwissenschaft\n                    <\/h2>\n\n                    <div class=\"text wysiwyg\">\n                        <p><strong>Edited by Prof. Dr. Volker Kunz\u2020, Dr. Annette Schmitt and Prof. Dr. Johannes Marx<\/strong><br \/>\n&nbsp;<br \/>\nThe series presents research papers that deal with empirical and normative problems of political science in a theoretically and methodologically reflective way.<br \/>\n&nbsp;<br \/>\n<a href=\"https:\/\/www.nomos-shop.de\/en\/series\/series\/view\/id\/B001094400\" target=\"_blank\">Learn more<\/a><\/p>\n\n                    <\/div>\n                <\/div>\n            <\/article>\n                    <article>\n                <div class=\"content-faq-item\">\n                    <h2 class=\"headline-5 js-accordion-headline\">\n                        Studienreihe der Forschungsgruppen des K\u00f6lner Forums f\u00fcr Internationale Beziehungen und Sicherheitspolitik e. V. (KFIBS)\n                    <\/h2>\n\n                    <div class=\"text wysiwyg\">\n                        <p><strong>Published by KFIBS &#8211; K\u00f6lner Forum f\u00fcr Internationale Beziehungen und Sicherheitspolitik e. V., represented by Dr. phil. Sascha Arnautovi\u0107, Chairman of the Association.<\/strong><br \/>\n&nbsp;<br \/>\nThe study series comprises scholarly outputs arising directly from the KFIBS research groups, which are to be made accessible to a broad public. The studies contained in this series are both scientifically oriented and designed as policy advisory studies (and thus practice-oriented). The unique selling point of the study series is the exclusive inclusion of authors from young academics in the humanities and social sciences, who are to be given their own (critical) voice in the German academic world through this KFIBS publication series.<br \/>\n&nbsp;<br \/>\n<a href=\"https:\/\/www.nomos-shop.de\/en\/series\/series\/view\/id\/B001091600\" target=\"_blank\">Learn more<\/a><\/p>\n\n                    <\/div>\n                <\/div>\n            <\/article>\n                    <article>\n                <div class=\"content-faq-item\">\n                    <h2 class=\"headline-5 js-accordion-headline\">\n                        A Tectum Publication: Political Science \n                    <\/h2>\n\n                    <div class=\"text wysiwyg\">\n                        <p><strong>Published by Tectum Verlag<\/strong><br \/>\n&nbsp;<br \/>\n<a href=\"https:\/\/www.nomos-shop.de\/en\/series\/series\/view\/id\/B001096100\" target=\"_blank\">Learn more<\/a><\/p>\n\n                    <\/div>\n                <\/div>\n            <\/article>\n                    <article>\n                <div class=\"content-faq-item\">\n                    <h2 class=\"headline-5 js-accordion-headline\">\n                        Young Academics: European Integration and Legal Studies\n                    <\/h2>\n\n                    <div class=\"text wysiwyg\">\n                        <p><strong>Edited by Prof. Dr. Markus Kotzur and Prof. Dr. Hinrich Julius<\/strong><br \/>\n&nbsp;<br \/>\nIntroducing Young Academics: European Integration and Legal Studies, a collection of outstanding master&#8217;s theses and additional contributions from pre-doctoral scholars in European Studies and European Legal Studies. Delve into the ongoing project of European Integration from varied disciplinary angles, with concise yet insightful works that offer fresh perspectives and rigorous analysis. This series illuminates the intellectual prowess of emerging academics, making it a valuable resource for students, researchers, and practitioners seeking a comprehensive understanding of this vital subject. Join us on an academic journey that amplifies the voices of future scholars, providing in-depth insights into the multifaceted realm of European Integration research.<br \/>\n&nbsp;<br \/>\n<a href=\"https:\/\/www.nomos-shop.de\/de\/series\/series\/view\/id\/B001107600\/\" target=\"_blank\">Learn more<\/a><\/p>\n\n                    <\/div>\n                <\/div>\n            <\/article>\n                    <article>\n                <div class=\"content-faq-item\">\n                    <h2 class=\"headline-5 js-accordion-headline\">\n                        Young Academics: EU Studies\n                    <\/h2>\n\n                    <div class=\"text wysiwyg\">\n                        <p><strong>Edited by Prof. Dr. Wolfgang Wessels and Prof. Dr. Christian Lequesne<\/strong><br \/>\n&nbsp;<br \/>\nThe series of publications Young Academics: EU Studies, edited by Prof. Dr Christian Lequesne and Prof. Dr Wolfgang Wessels, offers a comprehensive examination of the European Union from an interdisciplinary perspective, aiming to provide fresh insights into the EU and a deeper understanding of it. Through interdisciplinary research and scholarly excellence, the series serves as a platform for young academics to contribute to the field and explores various themes, such as EU governance, policies, law, the economy, social dynamics, and the impact of EU integration on member states and third countries. Shaped by a strong theoretical and methodological focus, the research encompasses holistic analysis that combines empirical investigations, theoretical frameworks and critical evaluations.<br \/>\n&nbsp;<br \/>\n<a href=\"https:\/\/www.nomos-shop.de\/en\/series\/series\/view\/id\/B001106100\" target=\"_blank\" rel=\"noopener\">Learn more<\/a><\/p>\n\n                    <\/div>\n                <\/div>\n            <\/article>\n                    <article>\n                <div class=\"content-faq-item\">\n                    <h2 class=\"headline-5 js-accordion-headline\">\n                        Young Academics: Outer Space\n                    <\/h2>\n\n                    <div class=\"text wysiwyg\">\n                        <p><strong>Edited by PD Dr. Antje N\u00f6tzold, Dr. Enrico Fels, Prof. Dr. Kai-Uwe Schrogl, Assoc. Prof. Dr. Nina Klimburg-Witjes<\/strong><br \/>\n&nbsp;<br \/>\nThe publication series\u00a0Young Academics: Outer Space\u00a0addresses the dynamic evolution of space activities and their multifaceted significance for numerous policy areas, a wide range of public and private actors, as well as populations in both industrialized and developing countries. It encompasses all social sciences and humanities disciplines\u2014particularly political science, sociology, ethics and technology assessment, sustainability and development studies, economics, and law\u2014thus offering excellent early-career researchers the opportunity to publish their own contributions to the understanding and relevance of human space activities. Particular emphasis is placed on solid theoretical foundations, multidisciplinary and evidence-based analyses, and critical assessments in order to present the diverse dimensions and strategic challenges of space utilization in a comprehensive manner.<br \/>\n&nbsp;<br \/>\n<a href=\"https:\/\/www.nomos-shop.de\/en\/series\/series\/view\/id\/B001107500\/\" target=\"_blank\">Learn more<\/a><\/p>\n\n                    <\/div>\n                <\/div>\n            <\/article>\n                    <article>\n                <div class=\"content-faq-item\">\n                    <h2 class=\"headline-5 js-accordion-headline\">\n                        Young Academics: Political Science \n                    <\/h2>\n\n                    <div class=\"text wysiwyg\">\n                        <p>The series includes outstanding theses from all sub-disciplines of political science &#8211; from political theory and the history of ideas to (comparative) government and international relations. Another focus is European politics.<br \/>\n&nbsp;<br \/>\nPublished by Tectum Verlag, the <em>Young Academics<\/em> series provides young authors the opportunity to contribute their research to scholarly discourse and gain visibility within the wider research community.<br \/>\n&nbsp;<br \/>\n<a href=\"https:\/\/www.nomos-shop.de\/en\/series\/series\/view\/id\/B001090300\" target=\"_blank\">Learn more<\/a><\/p>\n\n                    <\/div>\n                <\/div>\n            <\/article>\n            <\/div>\n<\/section>\n\n\n<section class=\"content-link-card \">\n    <div class=\"inner link-right-border card-border-hover grey-active\">\n                    <h4>With you from start to finish <\/h4>\n        \n        <div class=\"border-hover\"><\/div>\n        <div class=\"text-item\">\n                            <div class=\"link\">\n                    <a href=\"\/en\/scientific-publishing\"\n                       target=\"\" rel=\"noopener\"\n                       class=\"link-blue-square\">\n                        Publish today \n                    <\/a>\n                <\/div>\n                    <\/div>\n    <\/div>\n<\/section>\n","protected":false},"excerpt":{"rendered":"","protected":false},"author":10,"featured_media":0,"parent":0,"menu_order":0,"comment_status":"closed","ping_status":"closed","template":"","meta":{"_acf_changed":false,"footnotes":""},"class_list":["post-2116","page","type-page","status-publish","hentry"],"acf":[],"yoast_head":"<!-- This site is optimized with the Yoast SEO Premium plugin v26.1 (Yoast SEO v26.2) - https:\/\/yoast.com\/wordpress\/plugins\/seo\/ -->\n<title>Political Science - Tectum Verlag<\/title>\n<meta name=\"description\" content=\"The Political Science programme publishes outstanding dissertations and theses from all sub-disciplines of political science\" \/>\n<meta name=\"robots\" content=\"index, follow, max-snippet:-1, max-image-preview:large, max-video-preview:-1\" \/>\n<link rel=\"canonical\" href=\"https:\/\/www.tectum-verlag.de\/en\/subject-area-political-science\/\" \/>\n<meta property=\"og:locale\" content=\"en_US\" \/>\n<meta property=\"og:type\" content=\"article\" \/>\n<meta property=\"og:title\" content=\"Political Science\" \/>\n<meta property=\"og:description\" content=\"The Political Science programme publishes outstanding dissertations and theses from all sub-disciplines of political science\" \/>\n<meta property=\"og:url\" content=\"https:\/\/www.tectum-verlag.de\/en\/subject-area-political-science\/\" \/>\n<meta property=\"og:site_name\" content=\"Tectum Verlag\" \/>\n<meta property=\"article:modified_time\" content=\"2026-01-27T08:57:47+00:00\" \/>\n<meta property=\"og:image\" content=\"https:\/\/www.tectum-verlag.de\/wp-content\/uploads\/sites\/3\/2022\/05\/My-project-Kopie-8.jpg\" \/>\n<meta name=\"twitter:card\" content=\"summary_large_image\" \/>\n<meta name=\"twitter:label1\" content=\"Est. reading time\" \/>\n\t<meta name=\"twitter:data1\" content=\"6 minutes\" \/>\n<script type=\"application\/ld+json\" class=\"yoast-schema-graph\">{\"@context\":\"https:\/\/schema.org\",\"@graph\":[{\"@type\":\"WebPage\",\"@id\":\"https:\/\/www.tectum-verlag.de\/en\/subject-area-political-science\/\",\"url\":\"https:\/\/www.tectum-verlag.de\/en\/subject-area-political-science\/\",\"name\":\"Political Science - Tectum Verlag\",\"isPartOf\":{\"@id\":\"https:\/\/www.tectum-verlag.de\/en\/#website\"},\"datePublished\":\"2022-04-13T09:28:13+00:00\",\"dateModified\":\"2026-01-27T08:57:47+00:00\",\"description\":\"The Political Science programme publishes outstanding dissertations and theses from all sub-disciplines of political science\",\"breadcrumb\":{\"@id\":\"https:\/\/www.tectum-verlag.de\/en\/subject-area-political-science\/#breadcrumb\"},\"inLanguage\":\"en-US\",\"potentialAction\":[{\"@type\":\"ReadAction\",\"target\":[\"https:\/\/www.tectum-verlag.de\/en\/subject-area-political-science\/\"]}]},{\"@type\":\"BreadcrumbList\",\"@id\":\"https:\/\/www.tectum-verlag.de\/en\/subject-area-political-science\/#breadcrumb\",\"itemListElement\":[{\"@type\":\"ListItem\",\"position\":1,\"name\":\"Startseite\",\"item\":\"https:\/\/www.tectum-verlag.de\/en\/\"},{\"@type\":\"ListItem\",\"position\":2,\"name\":\"Political Science\"}]},{\"@type\":\"WebSite\",\"@id\":\"https:\/\/www.tectum-verlag.de\/en\/#website\",\"url\":\"https:\/\/www.tectum-verlag.de\/en\/\",\"name\":\"Tectum Verlag\",\"description\":\"Eine weitere nomos.de Websites Website\",\"publisher\":{\"@id\":\"https:\/\/www.tectum-verlag.de\/en\/#organization\"},\"potentialAction\":[{\"@type\":\"SearchAction\",\"target\":{\"@type\":\"EntryPoint\",\"urlTemplate\":\"https:\/\/www.tectum-verlag.de\/en\/?s={search_term_string}\"},\"query-input\":{\"@type\":\"PropertyValueSpecification\",\"valueRequired\":true,\"valueName\":\"search_term_string\"}}],\"inLanguage\":\"en-US\"},{\"@type\":\"Organization\",\"@id\":\"https:\/\/www.tectum-verlag.de\/en\/#organization\",\"name\":\"Tectum Verlag\",\"url\":\"https:\/\/www.tectum-verlag.de\/en\/\",\"logo\":{\"@type\":\"ImageObject\",\"inLanguage\":\"en-US\",\"@id\":\"https:\/\/www.tectum-verlag.de\/en\/#\/schema\/logo\/image\/\",\"url\":\"https:\/\/www.tectum-verlag.de\/wp-content\/uploads\/sites\/3\/2025\/07\/Tectum-web-1.jpg\",\"contentUrl\":\"https:\/\/www.tectum-verlag.de\/wp-content\/uploads\/sites\/3\/2025\/07\/Tectum-web-1.jpg\",\"width\":200,\"height\":200,\"caption\":\"Tectum Verlag\"},\"image\":{\"@id\":\"https:\/\/www.tectum-verlag.de\/en\/#\/schema\/logo\/image\/\"}}]}<\/script>\n<!-- \/ Yoast SEO Premium plugin. -->","yoast_head_json":{"title":"Political Science - Tectum Verlag","description":"The Political Science programme publishes outstanding dissertations and theses from all sub-disciplines of political science","robots":{"index":"index","follow":"follow","max-snippet":"max-snippet:-1","max-image-preview":"max-image-preview:large","max-video-preview":"max-video-preview:-1"},"canonical":"https:\/\/www.tectum-verlag.de\/en\/subject-area-political-science\/","og_locale":"en_US","og_type":"article","og_title":"Political Science","og_description":"The Political Science programme publishes outstanding dissertations and theses from all sub-disciplines of political science","og_url":"https:\/\/www.tectum-verlag.de\/en\/subject-area-political-science\/","og_site_name":"Tectum Verlag","article_modified_time":"2026-01-27T08:57:47+00:00","og_image":[{"url":"https:\/\/www.tectum-verlag.de\/wp-content\/uploads\/sites\/3\/2022\/05\/My-project-Kopie-8.jpg","type":"","width":"","height":""}],"twitter_card":"summary_large_image","twitter_misc":{"Est. reading time":"6 minutes"},"schema":{"@context":"https:\/\/schema.org","@graph":[{"@type":"WebPage","@id":"https:\/\/www.tectum-verlag.de\/en\/subject-area-political-science\/","url":"https:\/\/www.tectum-verlag.de\/en\/subject-area-political-science\/","name":"Political Science - Tectum Verlag","isPartOf":{"@id":"https:\/\/www.tectum-verlag.de\/en\/#website"},"datePublished":"2022-04-13T09:28:13+00:00","dateModified":"2026-01-27T08:57:47+00:00","description":"The Political Science programme publishes outstanding dissertations and theses from all sub-disciplines of political science","breadcrumb":{"@id":"https:\/\/www.tectum-verlag.de\/en\/subject-area-political-science\/#breadcrumb"},"inLanguage":"en-US","potentialAction":[{"@type":"ReadAction","target":["https:\/\/www.tectum-verlag.de\/en\/subject-area-political-science\/"]}]},{"@type":"BreadcrumbList","@id":"https:\/\/www.tectum-verlag.de\/en\/subject-area-political-science\/#breadcrumb","itemListElement":[{"@type":"ListItem","position":1,"name":"Startseite","item":"https:\/\/www.tectum-verlag.de\/en\/"},{"@type":"ListItem","position":2,"name":"Political Science"}]},{"@type":"WebSite","@id":"https:\/\/www.tectum-verlag.de\/en\/#website","url":"https:\/\/www.tectum-verlag.de\/en\/","name":"Tectum Verlag","description":"Eine weitere nomos.de Websites Website","publisher":{"@id":"https:\/\/www.tectum-verlag.de\/en\/#organization"},"potentialAction":[{"@type":"SearchAction","target":{"@type":"EntryPoint","urlTemplate":"https:\/\/www.tectum-verlag.de\/en\/?s={search_term_string}"},"query-input":{"@type":"PropertyValueSpecification","valueRequired":true,"valueName":"search_term_string"}}],"inLanguage":"en-US"},{"@type":"Organization","@id":"https:\/\/www.tectum-verlag.de\/en\/#organization","name":"Tectum Verlag","url":"https:\/\/www.tectum-verlag.de\/en\/","logo":{"@type":"ImageObject","inLanguage":"en-US","@id":"https:\/\/www.tectum-verlag.de\/en\/#\/schema\/logo\/image\/","url":"https:\/\/www.tectum-verlag.de\/wp-content\/uploads\/sites\/3\/2025\/07\/Tectum-web-1.jpg","contentUrl":"https:\/\/www.tectum-verlag.de\/wp-content\/uploads\/sites\/3\/2025\/07\/Tectum-web-1.jpg","width":200,"height":200,"caption":"Tectum Verlag"},"image":{"@id":"https:\/\/www.tectum-verlag.de\/en\/#\/schema\/logo\/image\/"}}]}},"_links":{"self":[{"href":"https:\/\/www.tectum-verlag.de\/en\/wp-json\/wp\/v2\/pages\/2116","targetHints":{"allow":["GET"]}}],"collection":[{"href":"https:\/\/www.tectum-verlag.de\/en\/wp-json\/wp\/v2\/pages"}],"about":[{"href":"https:\/\/www.tectum-verlag.de\/en\/wp-json\/wp\/v2\/types\/page"}],"author":[{"embeddable":true,"href":"https:\/\/www.tectum-verlag.de\/en\/wp-json\/wp\/v2\/users\/10"}],"replies":[{"embeddable":true,"href":"https:\/\/www.tectum-verlag.de\/en\/wp-json\/wp\/v2\/comments?post=2116"}],"version-history":[{"count":42,"href":"https:\/\/www.tectum-verlag.de\/en\/wp-json\/wp\/v2\/pages\/2116\/revisions"}],"predecessor-version":[{"id":7553,"href":"https:\/\/www.tectum-verlag.de\/en\/wp-json\/wp\/v2\/pages\/2116\/revisions\/7553"}],"wp:attachment":[{"href":"https:\/\/www.tectum-verlag.de\/en\/wp-json\/wp\/v2\/media?parent=2116"}],"curies":[{"name":"wp","href":"https:\/\/api.w.org\/{rel}","templated":true}]}}